{"id":685,"date":"2023-01-10T08:13:44","date_gmt":"2023-01-10T07:13:44","guid":{"rendered":"https:\/\/tonetx.eu\/rebecca-vadala-phd\/"},"modified":"2023-07-14T22:07:45","modified_gmt":"2023-07-14T20:07:45","slug":"rebecca-vadala-phd","status":"publish","type":"page","link":"https:\/\/tonetx.eu\/en\/rebecca-vadala-phd\/","title":{"rendered":"Rebecca Vadal\u00e0, PhD"},"content":{"rendered":"<p>[et_pb_section fb_built=&#8221;1&#8243; admin_label=&#8221;Team&#8221; _builder_version=&#8221;4.16&#8243; _module_preset=&#8221;default&#8221; custom_margin=&#8221;|||&#8221; custom_padding=&#8221;54px|0px|100px|0px&#8221; global_colors_info=&#8221;{}&#8221;][et_pb_row column_structure=&#8221;1_3,2_3&#8243; _builder_version=&#8221;4.19.4&#8243; _module_preset=&#8221;default&#8221; background_color=&#8221;#ffffff&#8221; background_size=&#8221;initial&#8221; background_position=&#8221;top_left&#8221; background_repeat=&#8221;repeat&#8221; custom_margin=&#8221;||30px||false|false&#8221; custom_padding=&#8221;15px|15px|15px|15px|false|false&#8221; animation_style=&#8221;slide&#8221; animation_direction=&#8221;bottom&#8221; animation_intensity_slide=&#8221;6%&#8221; animation_starting_opacity=&#8221;100%&#8221; border_radii=&#8221;on|15px|15px|15px|15px&#8221; border_color_all=&#8221;gcid-0881eb85-6db4-495d-84c3-350d3a9274f0&#8243; border_width_top=&#8221;18px&#8221; box_shadow_style=&#8221;preset3&#8243; box_shadow_vertical=&#8221;39px&#8221; box_shadow_blur=&#8221;80px&#8221; box_shadow_color=&#8221;rgba(0,0,0,0.1)&#8221; custom_width_px=&#8221;1280px&#8221; locked=&#8221;off&#8221; global_colors_info=&#8221;{%22gcid-0881eb85-6db4-495d-84c3-350d3a9274f0%22:%91%22border_color_all%22%93}&#8221;][et_pb_column type=&#8221;1_3&#8243; _builder_version=&#8221;4.17.4&#8243; _module_preset=&#8221;default&#8221; custom_padding=&#8221;30px|40px|30px|40px&#8221; global_colors_info=&#8221;{}&#8221; custom_padding__hover=&#8221;|||&#8221;][et_pb_image src=&#8221;https:\/\/tonetx.eu\/wp-content\/uploads\/2023\/01\/6-1.png&#8221; title_text=&#8221;6&#8243; _builder_version=&#8221;4.19.4&#8243; _module_preset=&#8221;default&#8221; global_colors_info=&#8221;{}&#8221;][\/et_pb_image][\/et_pb_column][et_pb_column type=&#8221;2_3&#8243; _builder_version=&#8221;4.17.4&#8243; _module_preset=&#8221;default&#8221; custom_padding=&#8221;30px|40px|30px|40px&#8221; global_colors_info=&#8221;{}&#8221; custom_padding__hover=&#8221;|||&#8221;][et_pb_text _builder_version=&#8221;4.19.4&#8243; _module_preset=&#8221;default&#8221; text_font=&#8221;Arial||||||||&#8221; text_font_size=&#8221;17px&#8221; header_font=&#8221;Arial||||||||&#8221; header_font_size=&#8221;24px&#8221; header_2_font=&#8221;Josefin Sans||||||||&#8221; global_colors_info=&#8221;{}&#8221;]<\/p>\n<h1>Rebecca Vadal\u00e0, PhD<\/h1>\n<p>Researcher<\/p>\n<p>[\/et_pb_text][et_pb_text _builder_version=&#8221;4.19.4&#8243; _module_preset=&#8221;default&#8221; text_font=&#8221;Lato|700|||||||&#8221; text_text_color=&#8221;gcid-0881eb85-6db4-495d-84c3-350d3a9274f0&#8243; text_font_size=&#8221;15px&#8221; text_letter_spacing=&#8221;1px&#8221; global_colors_info=&#8221;{%22gcid-0881eb85-6db4-495d-84c3-350d3a9274f0%22:%91%22text_text_color%22%93}&#8221;]<\/p>\n<p class=\"et_pb_module_header\"><span>vadala@tonetx.eu<\/span><\/p>\n<p>[\/et_pb_text][et_pb_text _builder_version=&#8221;4.19.4&#8243; _module_preset=&#8221;default&#8221; text_font=&#8221;Arial||||||||&#8221; text_text_color=&#8221;#000000&#8243; text_font_size=&#8221;15px&#8221; text_letter_spacing=&#8221;1px&#8221; header_4_font=&#8221;Arial||||||||&#8221; locked=&#8221;off&#8221; global_colors_info=&#8221;{}&#8221;]<\/p>\n<p>+ 39 0200660350<\/p>\n<p>[\/et_pb_text][\/et_pb_column][\/et_pb_row][et_pb_row _builder_version=&#8221;4.19.4&#8243; _module_preset=&#8221;default&#8221; background_color=&#8221;#ffffff&#8221; background_size=&#8221;initial&#8221; background_position=&#8221;top_left&#8221; background_repeat=&#8221;repeat&#8221; custom_margin=&#8221;||||false|false&#8221; custom_padding=&#8221;15px|15px|15px|15px|false|false&#8221; animation_style=&#8221;slide&#8221; animation_direction=&#8221;bottom&#8221; animation_intensity_slide=&#8221;6%&#8221; animation_starting_opacity=&#8221;100%&#8221; border_radii=&#8221;on|15px|15px|15px|15px&#8221; border_color_all=&#8221;gcid-0881eb85-6db4-495d-84c3-350d3a9274f0&#8243; border_width_top=&#8221;18px&#8221; box_shadow_style=&#8221;preset3&#8243; box_shadow_vertical=&#8221;39px&#8221; box_shadow_blur=&#8221;80px&#8221; box_shadow_color=&#8221;rgba(0,0,0,0.1)&#8221; custom_width_px=&#8221;1280px&#8221; locked=&#8221;off&#8221; global_colors_info=&#8221;{%22gcid-0881eb85-6db4-495d-84c3-350d3a9274f0%22:%91%22border_color_all%22%93}&#8221;][et_pb_column type=&#8221;4_4&#8243; _builder_version=&#8221;4.17.4&#8243; _module_preset=&#8221;default&#8221; custom_padding=&#8221;30px|40px|30px|40px&#8221; global_colors_info=&#8221;{}&#8221; custom_padding__hover=&#8221;|||&#8221;][et_pb_text _builder_version=&#8221;4.19.4&#8243; _module_preset=&#8221;default&#8221; text_font=&#8221;Arial||||||||&#8221; text_text_color=&#8221;#000000&#8243; text_font_size=&#8221;18px&#8221; text_line_height=&#8221;2em&#8221; header_font=&#8221;||||||||&#8221; header_2_font=&#8221;Lato||||||||&#8221; header_3_font=&#8221;Lato|700|||||||&#8221; header_3_text_color=&#8221;#4f4f6f&#8221; header_3_font_size=&#8221;36px&#8221; header_3_line_height=&#8221;1.5em&#8221; custom_margin=&#8221;0px||||false|false&#8221; custom_padding=&#8221;30px||30px||false|false&#8221; border_color_all=&#8221;rgba(51,51,51,0.12)&#8221; border_width_top=&#8221;1px&#8221; global_colors_info=&#8221;{}&#8221;]<\/p>\n<p style=\"text-align: justify;\">Rebecca Vadal\u00e0 is a young researcher with technical skills in flow cytometry and primary cell cultures. She received her PhD in Molecular and Translational Medicine in 2022, at DIMET, University of Milan-Bicocca.<br \/>During her PhD she studied the role of LINE1-containing transcripts in the regulation of the state of quiescience, differentiation and dysfunction of T lymphocytes, focusing on the study of LINE1-containing transcripts in the reversion of the dysfunctional state of tumor-infiltrating T lymphocytes.<br \/>Rebecca is a researcher (or collaborator) in T-One Therapeutics since 2022 where she can use her experience on T lymphocytes in a translational research context with possible clinical implications. In her current role she is responsible for the study of the silencing of LINE1 transcripts, through antisense oligonucleotides, to improve the immunological response of tumor-infiltrating lymphocytes.<\/p>\n<p>[\/et_pb_text][\/et_pb_column][\/et_pb_row][\/et_pb_section]<\/p>\n","protected":false},"excerpt":{"rendered":"<p>Rebecca Vadal\u00e0, PhD Researchervadala@tonetx.eu+ 39 0200660350Rebecca Vadal\u00e0 is a young researcher with technical skills in flow cytometry and primary cell cultures. She received her PhD in Molecular and Translational Medicine in 2022, at DIMET, University of Milan-Bicocca.During her PhD she studied the role of LINE1-containing transcripts in the regulation of the state of quiescience, differentiation [&hellip;]<\/p>\n","protected":false},"author":2,"featured_media":0,"parent":0,"menu_order":0,"comment_status":"closed","ping_status":"closed","template":"","meta":{"_et_pb_use_builder":"on","_et_pb_old_content":"","_et_gb_content_width":"","footnotes":""},"class_list":["post-685","page","type-page","status-publish","hentry"],"yoast_head":"<!-- This site is optimized with the Yoast SEO plugin v26.9 - https:\/\/yoast.com\/product\/yoast-seo-wordpress\/ -->\n<title>Rebecca Vadal\u00e0, PhD - T-ONE Therapeutics<\/title>\n<meta name=\"robots\" content=\"index, follow, max-snippet:-1, max-image-preview:large, max-video-preview:-1\" \/>\n<link rel=\"canonical\" href=\"https:\/\/tonetx.eu\/en\/rebecca-vadala-phd\/\" \/>\n<meta property=\"og:locale\" content=\"en_US\" \/>\n<meta property=\"og:type\" content=\"article\" \/>\n<meta property=\"og:title\" content=\"Rebecca Vadal\u00e0, PhD - T-ONE Therapeutics\" \/>\n<meta property=\"og:description\" content=\"Rebecca Vadal\u00e0, PhD Researchervadala@tonetx.eu+ 39 0200660350Rebecca Vadal\u00e0 is a young researcher with technical skills in flow cytometry and primary cell cultures. She received her PhD in Molecular and Translational Medicine in 2022, at DIMET, University of Milan-Bicocca.During her PhD she studied the role of LINE1-containing transcripts in the regulation of the state of quiescience, differentiation [&hellip;]\" \/>\n<meta property=\"og:url\" content=\"https:\/\/tonetx.eu\/en\/rebecca-vadala-phd\/\" \/>\n<meta property=\"og:site_name\" content=\"T-ONE Therapeutics\" \/>\n<meta property=\"article:modified_time\" content=\"2023-07-14T20:07:45+00:00\" \/>\n<meta name=\"twitter:card\" content=\"summary_large_image\" \/>\n<meta name=\"twitter:label1\" content=\"Est. reading time\" \/>\n\t<meta name=\"twitter:data1\" content=\"3 minutes\" \/>\n<script type=\"application\/ld+json\" class=\"yoast-schema-graph\">{\"@context\":\"https:\/\/schema.org\",\"@graph\":[{\"@type\":\"WebPage\",\"@id\":\"https:\/\/tonetx.eu\/en\/rebecca-vadala-phd\/\",\"url\":\"https:\/\/tonetx.eu\/en\/rebecca-vadala-phd\/\",\"name\":\"Rebecca Vadal\u00e0, PhD - T-ONE Therapeutics\",\"isPartOf\":{\"@id\":\"https:\/\/tonetx.eu\/#website\"},\"datePublished\":\"2023-01-10T07:13:44+00:00\",\"dateModified\":\"2023-07-14T20:07:45+00:00\",\"breadcrumb\":{\"@id\":\"https:\/\/tonetx.eu\/en\/rebecca-vadala-phd\/#breadcrumb\"},\"inLanguage\":\"en-US\",\"potentialAction\":[{\"@type\":\"ReadAction\",\"target\":[\"https:\/\/tonetx.eu\/en\/rebecca-vadala-phd\/\"]}]},{\"@type\":\"BreadcrumbList\",\"@id\":\"https:\/\/tonetx.eu\/en\/rebecca-vadala-phd\/#breadcrumb\",\"itemListElement\":[{\"@type\":\"ListItem\",\"position\":1,\"name\":\"Home\",\"item\":\"https:\/\/tonetx.eu\/en\/\"},{\"@type\":\"ListItem\",\"position\":2,\"name\":\"Rebecca Vadal\u00e0, PhD\"}]},{\"@type\":\"WebSite\",\"@id\":\"https:\/\/tonetx.eu\/#website\",\"url\":\"https:\/\/tonetx.eu\/\",\"name\":\"T-ONE Therapeutics\",\"description\":\"Developing a novel therapeutic approach to fight cancer\",\"potentialAction\":[{\"@type\":\"SearchAction\",\"target\":{\"@type\":\"EntryPoint\",\"urlTemplate\":\"https:\/\/tonetx.eu\/?s={search_term_string}\"},\"query-input\":{\"@type\":\"PropertyValueSpecification\",\"valueRequired\":true,\"valueName\":\"search_term_string\"}}],\"inLanguage\":\"en-US\"}]}<\/script>\n<!-- \/ Yoast SEO plugin. -->","yoast_head_json":{"title":"Rebecca Vadal\u00e0, PhD - T-ONE Therapeutics","robots":{"index":"index","follow":"follow","max-snippet":"max-snippet:-1","max-image-preview":"max-image-preview:large","max-video-preview":"max-video-preview:-1"},"canonical":"https:\/\/tonetx.eu\/en\/rebecca-vadala-phd\/","og_locale":"en_US","og_type":"article","og_title":"Rebecca Vadal\u00e0, PhD - T-ONE Therapeutics","og_description":"Rebecca Vadal\u00e0, PhD Researchervadala@tonetx.eu+ 39 0200660350Rebecca Vadal\u00e0 is a young researcher with technical skills in flow cytometry and primary cell cultures. She received her PhD in Molecular and Translational Medicine in 2022, at DIMET, University of Milan-Bicocca.During her PhD she studied the role of LINE1-containing transcripts in the regulation of the state of quiescience, differentiation [&hellip;]","og_url":"https:\/\/tonetx.eu\/en\/rebecca-vadala-phd\/","og_site_name":"T-ONE Therapeutics","article_modified_time":"2023-07-14T20:07:45+00:00","twitter_card":"summary_large_image","twitter_misc":{"Est. reading time":"3 minutes"},"schema":{"@context":"https:\/\/schema.org","@graph":[{"@type":"WebPage","@id":"https:\/\/tonetx.eu\/en\/rebecca-vadala-phd\/","url":"https:\/\/tonetx.eu\/en\/rebecca-vadala-phd\/","name":"Rebecca Vadal\u00e0, PhD - T-ONE Therapeutics","isPartOf":{"@id":"https:\/\/tonetx.eu\/#website"},"datePublished":"2023-01-10T07:13:44+00:00","dateModified":"2023-07-14T20:07:45+00:00","breadcrumb":{"@id":"https:\/\/tonetx.eu\/en\/rebecca-vadala-phd\/#breadcrumb"},"inLanguage":"en-US","potentialAction":[{"@type":"ReadAction","target":["https:\/\/tonetx.eu\/en\/rebecca-vadala-phd\/"]}]},{"@type":"BreadcrumbList","@id":"https:\/\/tonetx.eu\/en\/rebecca-vadala-phd\/#breadcrumb","itemListElement":[{"@type":"ListItem","position":1,"name":"Home","item":"https:\/\/tonetx.eu\/en\/"},{"@type":"ListItem","position":2,"name":"Rebecca Vadal\u00e0, PhD"}]},{"@type":"WebSite","@id":"https:\/\/tonetx.eu\/#website","url":"https:\/\/tonetx.eu\/","name":"T-ONE Therapeutics","description":"Developing a novel therapeutic approach to fight cancer","potentialAction":[{"@type":"SearchAction","target":{"@type":"EntryPoint","urlTemplate":"https:\/\/tonetx.eu\/?s={search_term_string}"},"query-input":{"@type":"PropertyValueSpecification","valueRequired":true,"valueName":"search_term_string"}}],"inLanguage":"en-US"}]}},"_links":{"self":[{"href":"https:\/\/tonetx.eu\/en\/wp-json\/wp\/v2\/pages\/685","targetHints":{"allow":["GET"]}}],"collection":[{"href":"https:\/\/tonetx.eu\/en\/wp-json\/wp\/v2\/pages"}],"about":[{"href":"https:\/\/tonetx.eu\/en\/wp-json\/wp\/v2\/types\/page"}],"author":[{"embeddable":true,"href":"https:\/\/tonetx.eu\/en\/wp-json\/wp\/v2\/users\/2"}],"replies":[{"embeddable":true,"href":"https:\/\/tonetx.eu\/en\/wp-json\/wp\/v2\/comments?post=685"}],"version-history":[{"count":8,"href":"https:\/\/tonetx.eu\/en\/wp-json\/wp\/v2\/pages\/685\/revisions"}],"predecessor-version":[{"id":1470,"href":"https:\/\/tonetx.eu\/en\/wp-json\/wp\/v2\/pages\/685\/revisions\/1470"}],"wp:attachment":[{"href":"https:\/\/tonetx.eu\/en\/wp-json\/wp\/v2\/media?parent=685"}],"curies":[{"name":"wp","href":"https:\/\/api.w.org\/{rel}","templated":true}]}}